{"id":1996,"date":"2022-09-06T22:33:04","date_gmt":"2022-10-16T22:03:41","guid":{"rendered":"https:\/\/narwa1944.com\/?post_type=product&#038;p=1996"},"modified":"2022-10-17T01:03:41","modified_gmt":"2022-10-16T22:03:41","slug":"waffen-ss-erkennungsmarke-id-tag-7-ss-kav-rgt-2","status":"publish","type":"product","link":"https:\/\/narwa1944.com\/ru\/product\/waffen-ss-erkennungsmarke-id-tag-7-ss-kav-rgt-2\/","title":{"rendered":"WAFFEN-SS ERKENNUNGSMARKE, ID TAG 7.\/SS-Kav.Rgt. 2"},"content":{"rendered":"<p><strong>Waffen-SS id tag 7.\/SS-Kav.Rgt. 2 <\/strong><\/p>\n<p>Extremely nice and rare zinc id tag (Erkennungsmarke) which belonged to <strong>SS-Hstuf. Otto Hampel<\/strong>, the company commander (Schwadronf\u00fchrer) of the 7.\/SS-Kav.Rgt. 2, then part of the SS-Kav.Brig.<\/p>\n<p>In July 1941, he got demoted for disciplinary reasons and became a platoon commander (Zugf\u00fchrer) in the 1.\/SS-Kav.Rgt. in Spring 1942. Later that year, he was again promoted to SS-Ustuf., then SS-Ostuf., and posthumously <strong>SS-Hstuf. The SS-Kav.Div.<\/strong> was fighting near <strong>Kharkov<\/strong> in 1943, and there is where the owner of the tag got killed on 23 August 1943.<\/p>\n<p>It was found in the village of <strong>Nizhny Bishkin on 17 September 2011<\/strong>, together with other items, like his <strong>Totenkopfring<\/strong>. We will provide the buyer of this tag with about 300 pages of documents from the German archive.<\/p>\n<p>&nbsp;<\/p>\n<p><strong>OTTO HAMPEL:<\/strong><br \/>\nDate of Birth: 12.04.95<br \/>\nDied: 23.08.43 (KIA south of Charkow)<\/p>\n<p>SS No.: 54121 (01.02.33)<br \/>\nNSDAP No.: 1405849 (01.12.32)<\/p>\n<p>RANKS:<br \/>\nSS-Anw\u00e4rter &#8212; 18.02.33<br \/>\nSS-Mann &#8212; 10.04.33<br \/>\nSS-Sturmmann &#8212; 15.08.33<br \/>\nSS-Rottenf\u00fchrer &#8212; 24.12.33<br \/>\nSS-Unterscharf\u00fchrer &#8212; 20.03.35<br \/>\nSS-Scharf\u00fchrer &#8212; 01.07.35<br \/>\nSS-Oberschraf\u00fchrer &#8212; 15.09.35<br \/>\nSS-Hauptscharf\u00fchrer &#8212; 30.01.36<br \/>\nSS-Ustuf. &#8212; 20.04.36<br \/>\nSS-Ostuf. &#8212; 20.04.37<br \/>\nSS-Hstuf. &#8212; 20.04.39<br \/>\n25.07.41 &#8212; demote to SS-Oscha. (disciplinary incident 16.02.41)<br \/>\npromotion to SS-Ustuf. agreed by Fegelein and J\u00fcttner<br \/>\nSS-Ustuf. der Reserve &#8212; 09.07.42 (mit wirkung 20.04.42)<br \/>\nSS-Ostuf. der Reserve &#8212; 28.06.43 (mit wirkung 15.06.43)<br \/>\nSS-Hstuf. der Reserve &#8212; 28.08.43 (mit wirkung 01.08.43)<\/p>\n<p>AWARDS AND DECORATIONS:<br \/>\nEisernes Kreuz 2.Klasse Von 1914<\/p>\n<p>Schleisischer Adlerorden II. Stuffe<br \/>\nEhrenkreuz f\u00fcr Frontk\u00e4mpfer<br \/>\nMedaille zur Erinnerung an die Heimkehr des Memellandes; 22. M\u00e4rz 1939<br \/>\nKriegsverdienstkreuz II. Klasse mit Schwertern<br \/>\nAllgemeine Sturmabzeichen<br \/>\nMedaille &#171;Winterschlacht im Osten 1941\/42&#187; (Ostmedaille)<br \/>\nSpange zum Eisernes Kreuz 2.Klasse<br \/>\nEisernes Kreuz 1.Klasse<br \/>\nTapferkeitsauszeichnung II Kl. in Silber f\u00fcr angeh\u00f6rige der Ostv\u00f6lker<br \/>\nJulleuchter<br \/>\n<strong>Totenkopfring<\/strong><br \/>\nReichssportabzechen in Gold<br \/>\nDeutsches reitabzeichen in Silber<br \/>\nSA Sportabzeichen in Bronze<br \/>\nD.L.R.G. in Bronze<\/p>\n<p>UNITS:<br \/>\n03.08.14 &#8212; 02.12.18 &#8212; Wehrmacht &#8212; Heer, Vizewachtm. d. R.<br \/>\n1919 &#8212; 1933 &#8212; Schutzpolizei officer, Pol. Oberleutnant<br \/>\n01.06.35 &#8212; 01.10.35 &#8212; SS-Reit. Abschn. III, Referent I\/Au<br \/>\n01.10.35 &#8212; 01.04.36 &#8212; SS &#8212; OA &#8212; S\u00fcdost &#8212; Referent IO<br \/>\n01.04.36 &#8212; 01.11.36 &#8212; SS &#8212; Reit. Abschn. III &#8212; Adj. u. Pers. Ref.<br \/>\n01.11.36 &#8212; 01.01.37 &#8212; 1. SS &#8212; Reiterstand. &#8212; Ausb. Referent<br \/>\n01.01.37 &#8212; 01.08.38 &#8212; 1. SS &#8212; Reiterstand. &#8212; Adj. u. Pers. Ref.<br \/>\n01.08.38 &#8212; 30.09.38 &#8212; SS &#8212; Stuba. II\/71 &#8212; F\u00fchrer<br \/>\n30.09.38 &#8212; 01.06.39 &#8212; SS &#8212; Stuba. I\/61 &#8212; F\u00fchrer<br \/>\n01.06.39 &#8212; 3. SS Reiterstand. &#8212; F\u00fchrer<br \/>\n03.01.40 &#8212; Einber. z. Waffen &#8212; SS, SS &#8212; OStuf. der Res., Geh. w. gezahlt<br \/>\n01.08.1940 &#8212; Transferred from Warschau, SS &#8212; Totenkopf-Reiterregiment 1 to Lucmierz<br \/>\n25.07.41 &#8212; Transfered to SS &#8212; I.R. 5<br \/>\nSS &#8212; Kav. Regiment 2<br \/>\nSS &#8212; Totenkopf-Inf. Ers. Batl. II\/Prag<br \/>\nSS &#8212; Kav. Brigade<br \/>\nM\u00e4rz &#8212; April 42 &#8212; Zugf\u00fchrer 1. Schwadron Regt. 1<br \/>\nSS &#8212; Kav. Division<\/p>\n<p>&nbsp;<\/p>\n<p><strong>NB: Only the tag is offered. We also are sure that this set is not coming from the grave. Confirmed by the digger who found it and also corrosion is typical for non-grave finds, otherwise, we would not offer it.\u00a0<\/strong><\/p>\n","protected":false},"excerpt":{"rendered":"<p>Waffen-SS id tag 7.\/SS-Kav.Rgt. 2 Extremely nice and rare zinc id tag (Erkennungsmarke) which belonged to SS-Hstuf. Otto Hampel, the company commander (Schwadronf\u00fchrer) of the 7.\/SS-Kav.Rgt. 2, then part of the SS-Kav.Brig. In July 1941, he got demoted for disciplinary reasons and became a platoon commander (Zugf\u00fchrer) in the 1.\/SS-Kav.Rgt. in Spring 1942. Later that [&hellip;]<\/p>\n","protected":false},"featured_media":1858,"template":"","meta":{"_acf_changed":false},"product_brand":[],"product_cat":[62],"product_tag":[],"class_list":{"0":"post-1996","1":"product","2":"type-product","3":"status-publish","4":"has-post-thumbnail","6":"product_cat-dogtag-ru","8":"first","9":"outofstock","10":"sold-individually","11":"shipping-taxable","12":"purchasable","13":"product-type-simple"},"acf":[],"yoast_head":"<!-- This site is optimized with the Yoast SEO plugin v27.3 - https:\/\/yoast.com\/product\/yoast-seo-wordpress\/ -->\n<title>WAFFEN-SS ERKENNUNGSMARKE, ID TAG 7.\/SS-Kav.Rgt. 2 - Narwa<\/title>\n<meta name=\"robots\" content=\"index, follow, max-snippet:-1, max-image-preview:large, max-video-preview:-1\" \/>\n<link rel=\"canonical\" href=\"https:\/\/narwa1944.com\/ru\/product\/waffen-ss-erkennungsmarke-id-tag-7-ss-kav-rgt-2\/\" \/>\n<meta property=\"og:locale\" content=\"ru_RU\" \/>\n<meta property=\"og:type\" content=\"article\" \/>\n<meta property=\"og:title\" content=\"WAFFEN-SS ERKENNUNGSMARKE, ID TAG 7.\/SS-Kav.Rgt. 2 - Narwa\" \/>\n<meta property=\"og:description\" content=\"Waffen-SS id tag 7.\/SS-Kav.Rgt. 2 Extremely nice and rare zinc id tag (Erkennungsmarke) which belonged to SS-Hstuf. Otto Hampel, the company commander (Schwadronf\u00fchrer) of the 7.\/SS-Kav.Rgt. 2, then part of the SS-Kav.Brig. In July 1941, he got demoted for disciplinary reasons and became a platoon commander (Zugf\u00fchrer) in the 1.\/SS-Kav.Rgt. in Spring 1942. Later that [&hellip;]\" \/>\n<meta property=\"og:url\" content=\"https:\/\/narwa1944.com\/ru\/product\/waffen-ss-erkennungsmarke-id-tag-7-ss-kav-rgt-2\/\" \/>\n<meta property=\"og:site_name\" content=\"Narwa\" \/>\n<meta property=\"article:publisher\" content=\"https:\/\/facebook.com\/narwa1944\" \/>\n<meta property=\"og:image\" content=\"https:\/\/narwa1944.com\/wp-content\/uploads\/2022\/09\/h-2-scaled.jpg\" \/>\n\t<meta property=\"og:image:width\" content=\"2560\" \/>\n\t<meta property=\"og:image:height\" content=\"1761\" \/>\n\t<meta property=\"og:image:type\" content=\"image\/jpeg\" \/>\n<meta name=\"twitter:card\" content=\"summary_large_image\" \/>\n<meta name=\"twitter:label1\" content=\"\u041f\u0440\u0438\u043c\u0435\u0440\u043d\u043e\u0435 \u0432\u0440\u0435\u043c\u044f \u0434\u043b\u044f \u0447\u0442\u0435\u043d\u0438\u044f\" \/>\n\t<meta name=\"twitter:data1\" content=\"2 \u043c\u0438\u043d\u0443\u0442\u044b\" \/>\n<script type=\"application\/ld+json\" class=\"yoast-schema-graph\">{\"@context\":\"https:\\\/\\\/schema.org\",\"@graph\":[{\"@type\":\"WebPage\",\"@id\":\"https:\\\/\\\/narwa1944.com\\\/ru\\\/product\\\/waffen-ss-erkennungsmarke-id-tag-7-ss-kav-rgt-2\\\/\",\"url\":\"https:\\\/\\\/narwa1944.com\\\/ru\\\/product\\\/waffen-ss-erkennungsmarke-id-tag-7-ss-kav-rgt-2\\\/\",\"name\":\"WAFFEN-SS ERKENNUNGSMARKE, ID TAG 7.\\\/SS-Kav.Rgt. 2 - Narwa\",\"isPartOf\":{\"@id\":\"https:\\\/\\\/narwa1944.com\\\/ru\\\/#website\"},\"primaryImageOfPage\":{\"@id\":\"https:\\\/\\\/narwa1944.com\\\/ru\\\/product\\\/waffen-ss-erkennungsmarke-id-tag-7-ss-kav-rgt-2\\\/#primaryimage\"},\"image\":{\"@id\":\"https:\\\/\\\/narwa1944.com\\\/ru\\\/product\\\/waffen-ss-erkennungsmarke-id-tag-7-ss-kav-rgt-2\\\/#primaryimage\"},\"thumbnailUrl\":\"https:\\\/\\\/narwa1944.com\\\/wp-content\\\/uploads\\\/2022\\\/09\\\/h-2-scaled.jpg\",\"datePublished\":\"2022-10-16T22:03:41+00:00\",\"breadcrumb\":{\"@id\":\"https:\\\/\\\/narwa1944.com\\\/ru\\\/product\\\/waffen-ss-erkennungsmarke-id-tag-7-ss-kav-rgt-2\\\/#breadcrumb\"},\"inLanguage\":\"ru-RU\",\"potentialAction\":[{\"@type\":\"ReadAction\",\"target\":[\"https:\\\/\\\/narwa1944.com\\\/ru\\\/product\\\/waffen-ss-erkennungsmarke-id-tag-7-ss-kav-rgt-2\\\/\"]}]},{\"@type\":\"ImageObject\",\"inLanguage\":\"ru-RU\",\"@id\":\"https:\\\/\\\/narwa1944.com\\\/ru\\\/product\\\/waffen-ss-erkennungsmarke-id-tag-7-ss-kav-rgt-2\\\/#primaryimage\",\"url\":\"https:\\\/\\\/narwa1944.com\\\/wp-content\\\/uploads\\\/2022\\\/09\\\/h-2-scaled.jpg\",\"contentUrl\":\"https:\\\/\\\/narwa1944.com\\\/wp-content\\\/uploads\\\/2022\\\/09\\\/h-2-scaled.jpg\",\"width\":2560,\"height\":1761},{\"@type\":\"BreadcrumbList\",\"@id\":\"https:\\\/\\\/narwa1944.com\\\/ru\\\/product\\\/waffen-ss-erkennungsmarke-id-tag-7-ss-kav-rgt-2\\\/#breadcrumb\",\"itemListElement\":[{\"@type\":\"ListItem\",\"position\":1,\"name\":\"Home\",\"item\":\"https:\\\/\\\/narwa1944.com\\\/ru\\\/shop\\\/\"},{\"@type\":\"ListItem\",\"position\":2,\"name\":\"Shop\",\"item\":\"https:\\\/\\\/narwa1944.com\\\/ww2-militaria-shop\\\/\"},{\"@type\":\"ListItem\",\"position\":3,\"name\":\"WAFFEN-SS ERKENNUNGSMARKE, ID TAG 7.\\\/SS-Kav.Rgt. 2\"}]},{\"@type\":\"WebSite\",\"@id\":\"https:\\\/\\\/narwa1944.com\\\/ru\\\/#website\",\"url\":\"https:\\\/\\\/narwa1944.com\\\/ru\\\/\",\"name\":\"Narwa\",\"description\":\"\u0415\u0449\u0451 \u043e\u0434\u0438\u043d \u0441\u0430\u0439\u0442 \u043d\u0430 WordPress\",\"publisher\":{\"@id\":\"https:\\\/\\\/narwa1944.com\\\/ru\\\/#organization\"},\"potentialAction\":[{\"@type\":\"SearchAction\",\"target\":{\"@type\":\"EntryPoint\",\"urlTemplate\":\"https:\\\/\\\/narwa1944.com\\\/ru\\\/?s={search_term_string}\"},\"query-input\":{\"@type\":\"PropertyValueSpecification\",\"valueRequired\":true,\"valueName\":\"search_term_string\"}}],\"inLanguage\":\"ru-RU\"},{\"@type\":\"Organization\",\"@id\":\"https:\\\/\\\/narwa1944.com\\\/ru\\\/#organization\",\"name\":\"Narwa1944\",\"url\":\"https:\\\/\\\/narwa1944.com\\\/ru\\\/\",\"logo\":{\"@type\":\"ImageObject\",\"inLanguage\":\"ru-RU\",\"@id\":\"https:\\\/\\\/narwa1944.com\\\/ru\\\/#\\\/schema\\\/logo\\\/image\\\/\",\"url\":\"https:\\\/\\\/narwa1944.com\\\/wp-content\\\/uploads\\\/2022\\\/02\\\/logo-narwa-b_smaller.png\",\"contentUrl\":\"https:\\\/\\\/narwa1944.com\\\/wp-content\\\/uploads\\\/2022\\\/02\\\/logo-narwa-b_smaller.png\",\"width\":1000,\"height\":1070,\"caption\":\"Narwa1944\"},\"image\":{\"@id\":\"https:\\\/\\\/narwa1944.com\\\/ru\\\/#\\\/schema\\\/logo\\\/image\\\/\"},\"sameAs\":[\"https:\\\/\\\/facebook.com\\\/narwa1944\",\"https:\\\/\\\/instagram.com\\\/narwa_1944\"]}]}<\/script>\n<!-- \/ Yoast SEO plugin. -->","yoast_head_json":{"title":"WAFFEN-SS ERKENNUNGSMARKE, ID TAG 7.\/SS-Kav.Rgt. 2 - Narwa","robots":{"index":"index","follow":"follow","max-snippet":"max-snippet:-1","max-image-preview":"max-image-preview:large","max-video-preview":"max-video-preview:-1"},"canonical":"https:\/\/narwa1944.com\/ru\/product\/waffen-ss-erkennungsmarke-id-tag-7-ss-kav-rgt-2\/","og_locale":"ru_RU","og_type":"article","og_title":"WAFFEN-SS ERKENNUNGSMARKE, ID TAG 7.\/SS-Kav.Rgt. 2 - Narwa","og_description":"Waffen-SS id tag 7.\/SS-Kav.Rgt. 2 Extremely nice and rare zinc id tag (Erkennungsmarke) which belonged to SS-Hstuf. Otto Hampel, the company commander (Schwadronf\u00fchrer) of the 7.\/SS-Kav.Rgt. 2, then part of the SS-Kav.Brig. In July 1941, he got demoted for disciplinary reasons and became a platoon commander (Zugf\u00fchrer) in the 1.\/SS-Kav.Rgt. in Spring 1942. Later that [&hellip;]","og_url":"https:\/\/narwa1944.com\/ru\/product\/waffen-ss-erkennungsmarke-id-tag-7-ss-kav-rgt-2\/","og_site_name":"Narwa","article_publisher":"https:\/\/facebook.com\/narwa1944","og_image":[{"width":2560,"height":1761,"url":"https:\/\/narwa1944.com\/wp-content\/uploads\/2022\/09\/h-2-scaled.jpg","type":"image\/jpeg"}],"twitter_card":"summary_large_image","twitter_misc":{"\u041f\u0440\u0438\u043c\u0435\u0440\u043d\u043e\u0435 \u0432\u0440\u0435\u043c\u044f \u0434\u043b\u044f \u0447\u0442\u0435\u043d\u0438\u044f":"2 \u043c\u0438\u043d\u0443\u0442\u044b"},"schema":{"@context":"https:\/\/schema.org","@graph":[{"@type":"WebPage","@id":"https:\/\/narwa1944.com\/ru\/product\/waffen-ss-erkennungsmarke-id-tag-7-ss-kav-rgt-2\/","url":"https:\/\/narwa1944.com\/ru\/product\/waffen-ss-erkennungsmarke-id-tag-7-ss-kav-rgt-2\/","name":"WAFFEN-SS ERKENNUNGSMARKE, ID TAG 7.\/SS-Kav.Rgt. 2 - Narwa","isPartOf":{"@id":"https:\/\/narwa1944.com\/ru\/#website"},"primaryImageOfPage":{"@id":"https:\/\/narwa1944.com\/ru\/product\/waffen-ss-erkennungsmarke-id-tag-7-ss-kav-rgt-2\/#primaryimage"},"image":{"@id":"https:\/\/narwa1944.com\/ru\/product\/waffen-ss-erkennungsmarke-id-tag-7-ss-kav-rgt-2\/#primaryimage"},"thumbnailUrl":"https:\/\/narwa1944.com\/wp-content\/uploads\/2022\/09\/h-2-scaled.jpg","datePublished":"2022-10-16T22:03:41+00:00","breadcrumb":{"@id":"https:\/\/narwa1944.com\/ru\/product\/waffen-ss-erkennungsmarke-id-tag-7-ss-kav-rgt-2\/#breadcrumb"},"inLanguage":"ru-RU","potentialAction":[{"@type":"ReadAction","target":["https:\/\/narwa1944.com\/ru\/product\/waffen-ss-erkennungsmarke-id-tag-7-ss-kav-rgt-2\/"]}]},{"@type":"ImageObject","inLanguage":"ru-RU","@id":"https:\/\/narwa1944.com\/ru\/product\/waffen-ss-erkennungsmarke-id-tag-7-ss-kav-rgt-2\/#primaryimage","url":"https:\/\/narwa1944.com\/wp-content\/uploads\/2022\/09\/h-2-scaled.jpg","contentUrl":"https:\/\/narwa1944.com\/wp-content\/uploads\/2022\/09\/h-2-scaled.jpg","width":2560,"height":1761},{"@type":"BreadcrumbList","@id":"https:\/\/narwa1944.com\/ru\/product\/waffen-ss-erkennungsmarke-id-tag-7-ss-kav-rgt-2\/#breadcrumb","itemListElement":[{"@type":"ListItem","position":1,"name":"Home","item":"https:\/\/narwa1944.com\/ru\/shop\/"},{"@type":"ListItem","position":2,"name":"Shop","item":"https:\/\/narwa1944.com\/ww2-militaria-shop\/"},{"@type":"ListItem","position":3,"name":"WAFFEN-SS ERKENNUNGSMARKE, ID TAG 7.\/SS-Kav.Rgt. 2"}]},{"@type":"WebSite","@id":"https:\/\/narwa1944.com\/ru\/#website","url":"https:\/\/narwa1944.com\/ru\/","name":"Narwa","description":"\u0415\u0449\u0451 \u043e\u0434\u0438\u043d \u0441\u0430\u0439\u0442 \u043d\u0430 WordPress","publisher":{"@id":"https:\/\/narwa1944.com\/ru\/#organization"},"potentialAction":[{"@type":"SearchAction","target":{"@type":"EntryPoint","urlTemplate":"https:\/\/narwa1944.com\/ru\/?s={search_term_string}"},"query-input":{"@type":"PropertyValueSpecification","valueRequired":true,"valueName":"search_term_string"}}],"inLanguage":"ru-RU"},{"@type":"Organization","@id":"https:\/\/narwa1944.com\/ru\/#organization","name":"Narwa1944","url":"https:\/\/narwa1944.com\/ru\/","logo":{"@type":"ImageObject","inLanguage":"ru-RU","@id":"https:\/\/narwa1944.com\/ru\/#\/schema\/logo\/image\/","url":"https:\/\/narwa1944.com\/wp-content\/uploads\/2022\/02\/logo-narwa-b_smaller.png","contentUrl":"https:\/\/narwa1944.com\/wp-content\/uploads\/2022\/02\/logo-narwa-b_smaller.png","width":1000,"height":1070,"caption":"Narwa1944"},"image":{"@id":"https:\/\/narwa1944.com\/ru\/#\/schema\/logo\/image\/"},"sameAs":["https:\/\/facebook.com\/narwa1944","https:\/\/instagram.com\/narwa_1944"]}]}},"_links":{"self":[{"href":"https:\/\/narwa1944.com\/ru\/wp-json\/wp\/v2\/product\/1996","targetHints":{"allow":["GET"]}}],"collection":[{"href":"https:\/\/narwa1944.com\/ru\/wp-json\/wp\/v2\/product"}],"about":[{"href":"https:\/\/narwa1944.com\/ru\/wp-json\/wp\/v2\/types\/product"}],"wp:featuredmedia":[{"embeddable":true,"href":"https:\/\/narwa1944.com\/ru\/wp-json\/wp\/v2\/media\/1858"}],"wp:attachment":[{"href":"https:\/\/narwa1944.com\/ru\/wp-json\/wp\/v2\/media?parent=1996"}],"wp:term":[{"taxonomy":"product_brand","embeddable":true,"href":"https:\/\/narwa1944.com\/ru\/wp-json\/wp\/v2\/product_brand?post=1996"},{"taxonomy":"product_cat","embeddable":true,"href":"https:\/\/narwa1944.com\/ru\/wp-json\/wp\/v2\/product_cat?post=1996"},{"taxonomy":"product_tag","embeddable":true,"href":"https:\/\/narwa1944.com\/ru\/wp-json\/wp\/v2\/product_tag?post=1996"}],"curies":[{"name":"wp","href":"https:\/\/api.w.org\/{rel}","templated":true}]}}