{"id":5188,"date":"2024-03-01T12:29:09","date_gmt":"2024-03-01T09:34:22","guid":{"rendered":"https:\/\/narwa1944.com\/?post_type=product&#038;p=5188"},"modified":"2024-03-01T12:34:22","modified_gmt":"2024-03-01T09:34:22","slug":"german-ostvolker-award-from-latvia","status":"publish","type":"product","link":"https:\/\/narwa1944.com\/ru\/product\/german-ostvolker-award-from-latvia\/","title":{"rendered":"German Ostv\u00f6lker award from Latvia"},"content":{"rendered":"<p>Very nice and rare<strong> Eastern Peoples medal<\/strong> (Tapferkeits- und Verdienstauszeichnung f\u00fcr Angeh\u00f6rige der <strong>Ostv\u00f6lker<\/strong>) 2nd Class in bronze.<\/p>\n<p>It was found near <strong>Liepaja in Latvia<\/strong>.<\/p>\n<p>The condition is very good considering it was battlefield-found, is complete with the ring attachment, and could be cleaned further.<\/p>\n<p>We have left it as it is.<\/p>\n<p>Rare award, especially to find in Latvia.<\/p>\n","protected":false},"excerpt":{"rendered":"<p>Very nice and rare Eastern Peoples medal (Tapferkeits- und Verdienstauszeichnung f\u00fcr Angeh\u00f6rige der Ostv\u00f6lker) 2nd Class in bronze. It was found near Liepaja in Latvia. The condition is very good considering it was battlefield-found, is complete with the ring attachment, and could be cleaned further. We have left it as it is. Rare award, especially [&hellip;]<\/p>\n","protected":false},"featured_media":5163,"template":"","meta":{"_acf_changed":false},"product_brand":[],"product_cat":[28],"product_tag":[],"class_list":{"0":"post-5188","1":"product","2":"type-product","3":"status-publish","4":"has-post-thumbnail","6":"product_cat-awards-ru","8":"first","9":"instock","10":"sold-individually","11":"shipping-taxable","12":"purchasable","13":"product-type-simple"},"acf":[],"yoast_head":"<!-- This site is optimized with the Yoast SEO plugin v27.3 - https:\/\/yoast.com\/product\/yoast-seo-wordpress\/ -->\n<title>German Ostv\u00f6lker award from Latvia - Narwa<\/title>\n<meta name=\"robots\" content=\"index, follow, max-snippet:-1, max-image-preview:large, max-video-preview:-1\" \/>\n<link rel=\"canonical\" href=\"https:\/\/narwa1944.com\/ru\/product\/german-ostvolker-award-from-latvia\/\" \/>\n<meta property=\"og:locale\" content=\"ru_RU\" \/>\n<meta property=\"og:type\" content=\"article\" \/>\n<meta property=\"og:title\" content=\"German Ostv\u00f6lker award from Latvia - Narwa\" \/>\n<meta property=\"og:description\" content=\"Very nice and rare Eastern Peoples medal (Tapferkeits- und Verdienstauszeichnung f\u00fcr Angeh\u00f6rige der Ostv\u00f6lker) 2nd Class in bronze. It was found near Liepaja in Latvia. The condition is very good considering it was battlefield-found, is complete with the ring attachment, and could be cleaned further. We have left it as it is. Rare award, especially [&hellip;]\" \/>\n<meta property=\"og:url\" content=\"https:\/\/narwa1944.com\/ru\/product\/german-ostvolker-award-from-latvia\/\" \/>\n<meta property=\"og:site_name\" content=\"Narwa\" \/>\n<meta property=\"article:publisher\" content=\"https:\/\/facebook.com\/narwa1944\" \/>\n<meta property=\"og:image\" content=\"https:\/\/narwa1944.com\/wp-content\/uploads\/2024\/03\/pxl_20240301_082107207-scaled.jpg\" \/>\n\t<meta property=\"og:image:width\" content=\"2236\" \/>\n\t<meta property=\"og:image:height\" content=\"2560\" \/>\n\t<meta property=\"og:image:type\" content=\"image\/jpeg\" \/>\n<meta name=\"twitter:card\" content=\"summary_large_image\" \/>\n<meta name=\"twitter:label1\" content=\"\u041f\u0440\u0438\u043c\u0435\u0440\u043d\u043e\u0435 \u0432\u0440\u0435\u043c\u044f \u0434\u043b\u044f \u0447\u0442\u0435\u043d\u0438\u044f\" \/>\n\t<meta name=\"twitter:data1\" content=\"1 \u043c\u0438\u043d\u0443\u0442\u0430\" \/>\n<script type=\"application\/ld+json\" class=\"yoast-schema-graph\">{\"@context\":\"https:\\\/\\\/schema.org\",\"@graph\":[{\"@type\":\"WebPage\",\"@id\":\"https:\\\/\\\/narwa1944.com\\\/ru\\\/product\\\/german-ostvolker-award-from-latvia\\\/\",\"url\":\"https:\\\/\\\/narwa1944.com\\\/ru\\\/product\\\/german-ostvolker-award-from-latvia\\\/\",\"name\":\"German Ostv\u00f6lker award from Latvia - Narwa\",\"isPartOf\":{\"@id\":\"https:\\\/\\\/narwa1944.com\\\/ru\\\/#website\"},\"primaryImageOfPage\":{\"@id\":\"https:\\\/\\\/narwa1944.com\\\/ru\\\/product\\\/german-ostvolker-award-from-latvia\\\/#primaryimage\"},\"image\":{\"@id\":\"https:\\\/\\\/narwa1944.com\\\/ru\\\/product\\\/german-ostvolker-award-from-latvia\\\/#primaryimage\"},\"thumbnailUrl\":\"https:\\\/\\\/narwa1944.com\\\/wp-content\\\/uploads\\\/2024\\\/03\\\/pxl_20240301_082107207-scaled.jpg\",\"datePublished\":\"2024-03-01T09:34:22+00:00\",\"breadcrumb\":{\"@id\":\"https:\\\/\\\/narwa1944.com\\\/ru\\\/product\\\/german-ostvolker-award-from-latvia\\\/#breadcrumb\"},\"inLanguage\":\"ru-RU\",\"potentialAction\":[{\"@type\":\"ReadAction\",\"target\":[\"https:\\\/\\\/narwa1944.com\\\/ru\\\/product\\\/german-ostvolker-award-from-latvia\\\/\"]}]},{\"@type\":\"ImageObject\",\"inLanguage\":\"ru-RU\",\"@id\":\"https:\\\/\\\/narwa1944.com\\\/ru\\\/product\\\/german-ostvolker-award-from-latvia\\\/#primaryimage\",\"url\":\"https:\\\/\\\/narwa1944.com\\\/wp-content\\\/uploads\\\/2024\\\/03\\\/pxl_20240301_082107207-scaled.jpg\",\"contentUrl\":\"https:\\\/\\\/narwa1944.com\\\/wp-content\\\/uploads\\\/2024\\\/03\\\/pxl_20240301_082107207-scaled.jpg\",\"width\":2236,\"height\":2560},{\"@type\":\"BreadcrumbList\",\"@id\":\"https:\\\/\\\/narwa1944.com\\\/ru\\\/product\\\/german-ostvolker-award-from-latvia\\\/#breadcrumb\",\"itemListElement\":[{\"@type\":\"ListItem\",\"position\":1,\"name\":\"Home\",\"item\":\"https:\\\/\\\/narwa1944.com\\\/ru\\\/shop\\\/\"},{\"@type\":\"ListItem\",\"position\":2,\"name\":\"Shop\",\"item\":\"https:\\\/\\\/narwa1944.com\\\/ww2-militaria-shop\\\/\"},{\"@type\":\"ListItem\",\"position\":3,\"name\":\"German Ostv\u00f6lker award from Latvia\"}]},{\"@type\":\"WebSite\",\"@id\":\"https:\\\/\\\/narwa1944.com\\\/ru\\\/#website\",\"url\":\"https:\\\/\\\/narwa1944.com\\\/ru\\\/\",\"name\":\"Narwa\",\"description\":\"\u0415\u0449\u0451 \u043e\u0434\u0438\u043d \u0441\u0430\u0439\u0442 \u043d\u0430 WordPress\",\"publisher\":{\"@id\":\"https:\\\/\\\/narwa1944.com\\\/ru\\\/#organization\"},\"potentialAction\":[{\"@type\":\"SearchAction\",\"target\":{\"@type\":\"EntryPoint\",\"urlTemplate\":\"https:\\\/\\\/narwa1944.com\\\/ru\\\/?s={search_term_string}\"},\"query-input\":{\"@type\":\"PropertyValueSpecification\",\"valueRequired\":true,\"valueName\":\"search_term_string\"}}],\"inLanguage\":\"ru-RU\"},{\"@type\":\"Organization\",\"@id\":\"https:\\\/\\\/narwa1944.com\\\/ru\\\/#organization\",\"name\":\"Narwa1944\",\"url\":\"https:\\\/\\\/narwa1944.com\\\/ru\\\/\",\"logo\":{\"@type\":\"ImageObject\",\"inLanguage\":\"ru-RU\",\"@id\":\"https:\\\/\\\/narwa1944.com\\\/ru\\\/#\\\/schema\\\/logo\\\/image\\\/\",\"url\":\"https:\\\/\\\/narwa1944.com\\\/wp-content\\\/uploads\\\/2022\\\/02\\\/logo-narwa-b_smaller.png\",\"contentUrl\":\"https:\\\/\\\/narwa1944.com\\\/wp-content\\\/uploads\\\/2022\\\/02\\\/logo-narwa-b_smaller.png\",\"width\":1000,\"height\":1070,\"caption\":\"Narwa1944\"},\"image\":{\"@id\":\"https:\\\/\\\/narwa1944.com\\\/ru\\\/#\\\/schema\\\/logo\\\/image\\\/\"},\"sameAs\":[\"https:\\\/\\\/facebook.com\\\/narwa1944\",\"https:\\\/\\\/instagram.com\\\/narwa_1944\"]}]}<\/script>\n<!-- \/ Yoast SEO plugin. -->","yoast_head_json":{"title":"German Ostv\u00f6lker award from Latvia - Narwa","robots":{"index":"index","follow":"follow","max-snippet":"max-snippet:-1","max-image-preview":"max-image-preview:large","max-video-preview":"max-video-preview:-1"},"canonical":"https:\/\/narwa1944.com\/ru\/product\/german-ostvolker-award-from-latvia\/","og_locale":"ru_RU","og_type":"article","og_title":"German Ostv\u00f6lker award from Latvia - Narwa","og_description":"Very nice and rare Eastern Peoples medal (Tapferkeits- und Verdienstauszeichnung f\u00fcr Angeh\u00f6rige der Ostv\u00f6lker) 2nd Class in bronze. It was found near Liepaja in Latvia. The condition is very good considering it was battlefield-found, is complete with the ring attachment, and could be cleaned further. We have left it as it is. Rare award, especially [&hellip;]","og_url":"https:\/\/narwa1944.com\/ru\/product\/german-ostvolker-award-from-latvia\/","og_site_name":"Narwa","article_publisher":"https:\/\/facebook.com\/narwa1944","og_image":[{"width":2236,"height":2560,"url":"https:\/\/narwa1944.com\/wp-content\/uploads\/2024\/03\/pxl_20240301_082107207-scaled.jpg","type":"image\/jpeg"}],"twitter_card":"summary_large_image","twitter_misc":{"\u041f\u0440\u0438\u043c\u0435\u0440\u043d\u043e\u0435 \u0432\u0440\u0435\u043c\u044f \u0434\u043b\u044f \u0447\u0442\u0435\u043d\u0438\u044f":"1 \u043c\u0438\u043d\u0443\u0442\u0430"},"schema":{"@context":"https:\/\/schema.org","@graph":[{"@type":"WebPage","@id":"https:\/\/narwa1944.com\/ru\/product\/german-ostvolker-award-from-latvia\/","url":"https:\/\/narwa1944.com\/ru\/product\/german-ostvolker-award-from-latvia\/","name":"German Ostv\u00f6lker award from Latvia - Narwa","isPartOf":{"@id":"https:\/\/narwa1944.com\/ru\/#website"},"primaryImageOfPage":{"@id":"https:\/\/narwa1944.com\/ru\/product\/german-ostvolker-award-from-latvia\/#primaryimage"},"image":{"@id":"https:\/\/narwa1944.com\/ru\/product\/german-ostvolker-award-from-latvia\/#primaryimage"},"thumbnailUrl":"https:\/\/narwa1944.com\/wp-content\/uploads\/2024\/03\/pxl_20240301_082107207-scaled.jpg","datePublished":"2024-03-01T09:34:22+00:00","breadcrumb":{"@id":"https:\/\/narwa1944.com\/ru\/product\/german-ostvolker-award-from-latvia\/#breadcrumb"},"inLanguage":"ru-RU","potentialAction":[{"@type":"ReadAction","target":["https:\/\/narwa1944.com\/ru\/product\/german-ostvolker-award-from-latvia\/"]}]},{"@type":"ImageObject","inLanguage":"ru-RU","@id":"https:\/\/narwa1944.com\/ru\/product\/german-ostvolker-award-from-latvia\/#primaryimage","url":"https:\/\/narwa1944.com\/wp-content\/uploads\/2024\/03\/pxl_20240301_082107207-scaled.jpg","contentUrl":"https:\/\/narwa1944.com\/wp-content\/uploads\/2024\/03\/pxl_20240301_082107207-scaled.jpg","width":2236,"height":2560},{"@type":"BreadcrumbList","@id":"https:\/\/narwa1944.com\/ru\/product\/german-ostvolker-award-from-latvia\/#breadcrumb","itemListElement":[{"@type":"ListItem","position":1,"name":"Home","item":"https:\/\/narwa1944.com\/ru\/shop\/"},{"@type":"ListItem","position":2,"name":"Shop","item":"https:\/\/narwa1944.com\/ww2-militaria-shop\/"},{"@type":"ListItem","position":3,"name":"German Ostv\u00f6lker award from Latvia"}]},{"@type":"WebSite","@id":"https:\/\/narwa1944.com\/ru\/#website","url":"https:\/\/narwa1944.com\/ru\/","name":"Narwa","description":"\u0415\u0449\u0451 \u043e\u0434\u0438\u043d \u0441\u0430\u0439\u0442 \u043d\u0430 WordPress","publisher":{"@id":"https:\/\/narwa1944.com\/ru\/#organization"},"potentialAction":[{"@type":"SearchAction","target":{"@type":"EntryPoint","urlTemplate":"https:\/\/narwa1944.com\/ru\/?s={search_term_string}"},"query-input":{"@type":"PropertyValueSpecification","valueRequired":true,"valueName":"search_term_string"}}],"inLanguage":"ru-RU"},{"@type":"Organization","@id":"https:\/\/narwa1944.com\/ru\/#organization","name":"Narwa1944","url":"https:\/\/narwa1944.com\/ru\/","logo":{"@type":"ImageObject","inLanguage":"ru-RU","@id":"https:\/\/narwa1944.com\/ru\/#\/schema\/logo\/image\/","url":"https:\/\/narwa1944.com\/wp-content\/uploads\/2022\/02\/logo-narwa-b_smaller.png","contentUrl":"https:\/\/narwa1944.com\/wp-content\/uploads\/2022\/02\/logo-narwa-b_smaller.png","width":1000,"height":1070,"caption":"Narwa1944"},"image":{"@id":"https:\/\/narwa1944.com\/ru\/#\/schema\/logo\/image\/"},"sameAs":["https:\/\/facebook.com\/narwa1944","https:\/\/instagram.com\/narwa_1944"]}]}},"_links":{"self":[{"href":"https:\/\/narwa1944.com\/ru\/wp-json\/wp\/v2\/product\/5188","targetHints":{"allow":["GET"]}}],"collection":[{"href":"https:\/\/narwa1944.com\/ru\/wp-json\/wp\/v2\/product"}],"about":[{"href":"https:\/\/narwa1944.com\/ru\/wp-json\/wp\/v2\/types\/product"}],"wp:featuredmedia":[{"embeddable":true,"href":"https:\/\/narwa1944.com\/ru\/wp-json\/wp\/v2\/media\/5163"}],"wp:attachment":[{"href":"https:\/\/narwa1944.com\/ru\/wp-json\/wp\/v2\/media?parent=5188"}],"wp:term":[{"taxonomy":"product_brand","embeddable":true,"href":"https:\/\/narwa1944.com\/ru\/wp-json\/wp\/v2\/product_brand?post=5188"},{"taxonomy":"product_cat","embeddable":true,"href":"https:\/\/narwa1944.com\/ru\/wp-json\/wp\/v2\/product_cat?post=5188"},{"taxonomy":"product_tag","embeddable":true,"href":"https:\/\/narwa1944.com\/ru\/wp-json\/wp\/v2\/product_tag?post=5188"}],"curies":[{"name":"wp","href":"https:\/\/api.w.org\/{rel}","templated":true}]}}