{"id":5306,"date":"2024-04-09T16:27:18","date_gmt":"2024-04-09T13:27:31","guid":{"rendered":"https:\/\/narwa1944.com\/?post_type=product&#038;p=5306"},"modified":"2024-04-09T16:27:31","modified_gmt":"2024-04-09T13:27:31","slug":"officers-der-fuhrer-cufftitle","status":"publish","type":"product","link":"https:\/\/narwa1944.com\/ru\/product\/officers-der-fuhrer-cufftitle\/","title":{"rendered":"Officers &#171;Der F\u00fchrer&#187; cufftitle"},"content":{"rendered":"<p>Officers &#171;<strong>Der F\u00fchrer<\/strong>&#187; cufftitle Wonderful veteran cut-down officers flatwire-woven &#171;<strong>Der F\u00fchrer<\/strong>&#187; cuff title in Gothic script.<\/p>\n<p><strong>SS-Standarte &#171;Der F\u00fchrer&#187;<\/strong> was formed in April 1938 and authorized to wear a RZM-style cuff title with a hand-embroidered bullion variant for officers. In 1939 the flatwire-woven version was introduced for officers. Already the same year though, the cuff titles of &#171;<strong>Der F\u00fchrer<\/strong>&#187; were changing from Gothic to Latin script, making it a short-issued cuff title, although it was worn by many members of this unit throughout the war.<\/p>\n<p>This particular example is <strong>18 cm long<\/strong> and is said to have come from a veteran&#8217;s estate, but we do not know the name.<\/p>\n<p>A really nice been-there cuff title and rare to find.<\/p>\n","protected":false},"excerpt":{"rendered":"<p>Officers &#171;Der F\u00fchrer&#187; cufftitle Wonderful veteran cut-down officers flatwire-woven &#171;Der F\u00fchrer&#187; cuff title in Gothic script. SS-Standarte &#171;Der F\u00fchrer&#187; was formed in April 1938 and authorized to wear a RZM-style cuff title with a hand-embroidered bullion variant for officers. In 1939 the flatwire-woven version was introduced for officers. Already the same year though, the cuff [&hellip;]<\/p>\n","protected":false},"featured_media":5299,"template":"","meta":{"_acf_changed":false},"product_brand":[],"product_cat":[54],"product_tag":[],"class_list":{"0":"post-5306","1":"product","2":"type-product","3":"status-publish","4":"has-post-thumbnail","6":"product_cat-insignia-ru","8":"first","9":"outofstock","10":"sold-individually","11":"shipping-taxable","12":"purchasable","13":"product-type-simple"},"acf":[],"yoast_head":"<!-- This site is optimized with the Yoast SEO plugin v27.3 - https:\/\/yoast.com\/product\/yoast-seo-wordpress\/ -->\n<title>Officers &quot;Der F\u00fchrer&quot; cufftitle - Narwa<\/title>\n<meta name=\"robots\" content=\"index, follow, max-snippet:-1, max-image-preview:large, max-video-preview:-1\" \/>\n<link rel=\"canonical\" href=\"https:\/\/narwa1944.com\/ru\/product\/officers-der-fuhrer-cufftitle\/\" \/>\n<meta property=\"og:locale\" content=\"ru_RU\" \/>\n<meta property=\"og:type\" content=\"article\" \/>\n<meta property=\"og:title\" content=\"Officers &quot;Der F\u00fchrer&quot; cufftitle - Narwa\" \/>\n<meta property=\"og:description\" content=\"Officers &#171;Der F\u00fchrer&#187; cufftitle Wonderful veteran cut-down officers flatwire-woven &#171;Der F\u00fchrer&#187; cuff title in Gothic script. SS-Standarte &#171;Der F\u00fchrer&#187; was formed in April 1938 and authorized to wear a RZM-style cuff title with a hand-embroidered bullion variant for officers. In 1939 the flatwire-woven version was introduced for officers. Already the same year though, the cuff [&hellip;]\" \/>\n<meta property=\"og:url\" content=\"https:\/\/narwa1944.com\/ru\/product\/officers-der-fuhrer-cufftitle\/\" \/>\n<meta property=\"og:site_name\" content=\"Narwa\" \/>\n<meta property=\"article:publisher\" content=\"https:\/\/facebook.com\/narwa1944\" \/>\n<meta property=\"og:image\" content=\"https:\/\/narwa1944.com\/wp-content\/uploads\/2024\/04\/a5272df8-71c3-4e19-97e7-5ec8a53908c7-scaled.jpg\" \/>\n\t<meta property=\"og:image:width\" content=\"2560\" \/>\n\t<meta property=\"og:image:height\" content=\"1920\" \/>\n\t<meta property=\"og:image:type\" content=\"image\/jpeg\" \/>\n<meta name=\"twitter:card\" content=\"summary_large_image\" \/>\n<script type=\"application\/ld+json\" class=\"yoast-schema-graph\">{\"@context\":\"https:\\\/\\\/schema.org\",\"@graph\":[{\"@type\":\"WebPage\",\"@id\":\"https:\\\/\\\/narwa1944.com\\\/ru\\\/product\\\/officers-der-fuhrer-cufftitle\\\/\",\"url\":\"https:\\\/\\\/narwa1944.com\\\/ru\\\/product\\\/officers-der-fuhrer-cufftitle\\\/\",\"name\":\"Officers \\\"Der F\u00fchrer\\\" cufftitle - Narwa\",\"isPartOf\":{\"@id\":\"https:\\\/\\\/narwa1944.com\\\/ru\\\/#website\"},\"primaryImageOfPage\":{\"@id\":\"https:\\\/\\\/narwa1944.com\\\/ru\\\/product\\\/officers-der-fuhrer-cufftitle\\\/#primaryimage\"},\"image\":{\"@id\":\"https:\\\/\\\/narwa1944.com\\\/ru\\\/product\\\/officers-der-fuhrer-cufftitle\\\/#primaryimage\"},\"thumbnailUrl\":\"https:\\\/\\\/narwa1944.com\\\/wp-content\\\/uploads\\\/2024\\\/04\\\/a5272df8-71c3-4e19-97e7-5ec8a53908c7-scaled.jpg\",\"datePublished\":\"2024-04-09T13:27:31+00:00\",\"breadcrumb\":{\"@id\":\"https:\\\/\\\/narwa1944.com\\\/ru\\\/product\\\/officers-der-fuhrer-cufftitle\\\/#breadcrumb\"},\"inLanguage\":\"ru-RU\",\"potentialAction\":[{\"@type\":\"ReadAction\",\"target\":[\"https:\\\/\\\/narwa1944.com\\\/ru\\\/product\\\/officers-der-fuhrer-cufftitle\\\/\"]}]},{\"@type\":\"ImageObject\",\"inLanguage\":\"ru-RU\",\"@id\":\"https:\\\/\\\/narwa1944.com\\\/ru\\\/product\\\/officers-der-fuhrer-cufftitle\\\/#primaryimage\",\"url\":\"https:\\\/\\\/narwa1944.com\\\/wp-content\\\/uploads\\\/2024\\\/04\\\/a5272df8-71c3-4e19-97e7-5ec8a53908c7-scaled.jpg\",\"contentUrl\":\"https:\\\/\\\/narwa1944.com\\\/wp-content\\\/uploads\\\/2024\\\/04\\\/a5272df8-71c3-4e19-97e7-5ec8a53908c7-scaled.jpg\",\"width\":2560,\"height\":1920},{\"@type\":\"BreadcrumbList\",\"@id\":\"https:\\\/\\\/narwa1944.com\\\/ru\\\/product\\\/officers-der-fuhrer-cufftitle\\\/#breadcrumb\",\"itemListElement\":[{\"@type\":\"ListItem\",\"position\":1,\"name\":\"Home\",\"item\":\"https:\\\/\\\/narwa1944.com\\\/ru\\\/shop\\\/\"},{\"@type\":\"ListItem\",\"position\":2,\"name\":\"Shop\",\"item\":\"https:\\\/\\\/narwa1944.com\\\/ww2-militaria-shop\\\/\"},{\"@type\":\"ListItem\",\"position\":3,\"name\":\"Officers &#8220;Der F\u00fchrer&#8221; cufftitle\"}]},{\"@type\":\"WebSite\",\"@id\":\"https:\\\/\\\/narwa1944.com\\\/ru\\\/#website\",\"url\":\"https:\\\/\\\/narwa1944.com\\\/ru\\\/\",\"name\":\"Narwa\",\"description\":\"\u0415\u0449\u0451 \u043e\u0434\u0438\u043d \u0441\u0430\u0439\u0442 \u043d\u0430 WordPress\",\"publisher\":{\"@id\":\"https:\\\/\\\/narwa1944.com\\\/ru\\\/#organization\"},\"potentialAction\":[{\"@type\":\"SearchAction\",\"target\":{\"@type\":\"EntryPoint\",\"urlTemplate\":\"https:\\\/\\\/narwa1944.com\\\/ru\\\/?s={search_term_string}\"},\"query-input\":{\"@type\":\"PropertyValueSpecification\",\"valueRequired\":true,\"valueName\":\"search_term_string\"}}],\"inLanguage\":\"ru-RU\"},{\"@type\":\"Organization\",\"@id\":\"https:\\\/\\\/narwa1944.com\\\/ru\\\/#organization\",\"name\":\"Narwa1944\",\"url\":\"https:\\\/\\\/narwa1944.com\\\/ru\\\/\",\"logo\":{\"@type\":\"ImageObject\",\"inLanguage\":\"ru-RU\",\"@id\":\"https:\\\/\\\/narwa1944.com\\\/ru\\\/#\\\/schema\\\/logo\\\/image\\\/\",\"url\":\"https:\\\/\\\/narwa1944.com\\\/wp-content\\\/uploads\\\/2022\\\/02\\\/logo-narwa-b_smaller.png\",\"contentUrl\":\"https:\\\/\\\/narwa1944.com\\\/wp-content\\\/uploads\\\/2022\\\/02\\\/logo-narwa-b_smaller.png\",\"width\":1000,\"height\":1070,\"caption\":\"Narwa1944\"},\"image\":{\"@id\":\"https:\\\/\\\/narwa1944.com\\\/ru\\\/#\\\/schema\\\/logo\\\/image\\\/\"},\"sameAs\":[\"https:\\\/\\\/facebook.com\\\/narwa1944\",\"https:\\\/\\\/instagram.com\\\/narwa_1944\"]}]}<\/script>\n<!-- \/ Yoast SEO plugin. -->","yoast_head_json":{"title":"Officers \"Der F\u00fchrer\" cufftitle - Narwa","robots":{"index":"index","follow":"follow","max-snippet":"max-snippet:-1","max-image-preview":"max-image-preview:large","max-video-preview":"max-video-preview:-1"},"canonical":"https:\/\/narwa1944.com\/ru\/product\/officers-der-fuhrer-cufftitle\/","og_locale":"ru_RU","og_type":"article","og_title":"Officers \"Der F\u00fchrer\" cufftitle - Narwa","og_description":"Officers &#171;Der F\u00fchrer&#187; cufftitle Wonderful veteran cut-down officers flatwire-woven &#171;Der F\u00fchrer&#187; cuff title in Gothic script. SS-Standarte &#171;Der F\u00fchrer&#187; was formed in April 1938 and authorized to wear a RZM-style cuff title with a hand-embroidered bullion variant for officers. In 1939 the flatwire-woven version was introduced for officers. Already the same year though, the cuff [&hellip;]","og_url":"https:\/\/narwa1944.com\/ru\/product\/officers-der-fuhrer-cufftitle\/","og_site_name":"Narwa","article_publisher":"https:\/\/facebook.com\/narwa1944","og_image":[{"width":2560,"height":1920,"url":"https:\/\/narwa1944.com\/wp-content\/uploads\/2024\/04\/a5272df8-71c3-4e19-97e7-5ec8a53908c7-scaled.jpg","type":"image\/jpeg"}],"twitter_card":"summary_large_image","schema":{"@context":"https:\/\/schema.org","@graph":[{"@type":"WebPage","@id":"https:\/\/narwa1944.com\/ru\/product\/officers-der-fuhrer-cufftitle\/","url":"https:\/\/narwa1944.com\/ru\/product\/officers-der-fuhrer-cufftitle\/","name":"Officers \"Der F\u00fchrer\" cufftitle - Narwa","isPartOf":{"@id":"https:\/\/narwa1944.com\/ru\/#website"},"primaryImageOfPage":{"@id":"https:\/\/narwa1944.com\/ru\/product\/officers-der-fuhrer-cufftitle\/#primaryimage"},"image":{"@id":"https:\/\/narwa1944.com\/ru\/product\/officers-der-fuhrer-cufftitle\/#primaryimage"},"thumbnailUrl":"https:\/\/narwa1944.com\/wp-content\/uploads\/2024\/04\/a5272df8-71c3-4e19-97e7-5ec8a53908c7-scaled.jpg","datePublished":"2024-04-09T13:27:31+00:00","breadcrumb":{"@id":"https:\/\/narwa1944.com\/ru\/product\/officers-der-fuhrer-cufftitle\/#breadcrumb"},"inLanguage":"ru-RU","potentialAction":[{"@type":"ReadAction","target":["https:\/\/narwa1944.com\/ru\/product\/officers-der-fuhrer-cufftitle\/"]}]},{"@type":"ImageObject","inLanguage":"ru-RU","@id":"https:\/\/narwa1944.com\/ru\/product\/officers-der-fuhrer-cufftitle\/#primaryimage","url":"https:\/\/narwa1944.com\/wp-content\/uploads\/2024\/04\/a5272df8-71c3-4e19-97e7-5ec8a53908c7-scaled.jpg","contentUrl":"https:\/\/narwa1944.com\/wp-content\/uploads\/2024\/04\/a5272df8-71c3-4e19-97e7-5ec8a53908c7-scaled.jpg","width":2560,"height":1920},{"@type":"BreadcrumbList","@id":"https:\/\/narwa1944.com\/ru\/product\/officers-der-fuhrer-cufftitle\/#breadcrumb","itemListElement":[{"@type":"ListItem","position":1,"name":"Home","item":"https:\/\/narwa1944.com\/ru\/shop\/"},{"@type":"ListItem","position":2,"name":"Shop","item":"https:\/\/narwa1944.com\/ww2-militaria-shop\/"},{"@type":"ListItem","position":3,"name":"Officers &#8220;Der F\u00fchrer&#8221; cufftitle"}]},{"@type":"WebSite","@id":"https:\/\/narwa1944.com\/ru\/#website","url":"https:\/\/narwa1944.com\/ru\/","name":"Narwa","description":"\u0415\u0449\u0451 \u043e\u0434\u0438\u043d \u0441\u0430\u0439\u0442 \u043d\u0430 WordPress","publisher":{"@id":"https:\/\/narwa1944.com\/ru\/#organization"},"potentialAction":[{"@type":"SearchAction","target":{"@type":"EntryPoint","urlTemplate":"https:\/\/narwa1944.com\/ru\/?s={search_term_string}"},"query-input":{"@type":"PropertyValueSpecification","valueRequired":true,"valueName":"search_term_string"}}],"inLanguage":"ru-RU"},{"@type":"Organization","@id":"https:\/\/narwa1944.com\/ru\/#organization","name":"Narwa1944","url":"https:\/\/narwa1944.com\/ru\/","logo":{"@type":"ImageObject","inLanguage":"ru-RU","@id":"https:\/\/narwa1944.com\/ru\/#\/schema\/logo\/image\/","url":"https:\/\/narwa1944.com\/wp-content\/uploads\/2022\/02\/logo-narwa-b_smaller.png","contentUrl":"https:\/\/narwa1944.com\/wp-content\/uploads\/2022\/02\/logo-narwa-b_smaller.png","width":1000,"height":1070,"caption":"Narwa1944"},"image":{"@id":"https:\/\/narwa1944.com\/ru\/#\/schema\/logo\/image\/"},"sameAs":["https:\/\/facebook.com\/narwa1944","https:\/\/instagram.com\/narwa_1944"]}]}},"_links":{"self":[{"href":"https:\/\/narwa1944.com\/ru\/wp-json\/wp\/v2\/product\/5306","targetHints":{"allow":["GET"]}}],"collection":[{"href":"https:\/\/narwa1944.com\/ru\/wp-json\/wp\/v2\/product"}],"about":[{"href":"https:\/\/narwa1944.com\/ru\/wp-json\/wp\/v2\/types\/product"}],"wp:featuredmedia":[{"embeddable":true,"href":"https:\/\/narwa1944.com\/ru\/wp-json\/wp\/v2\/media\/5299"}],"wp:attachment":[{"href":"https:\/\/narwa1944.com\/ru\/wp-json\/wp\/v2\/media?parent=5306"}],"wp:term":[{"taxonomy":"product_brand","embeddable":true,"href":"https:\/\/narwa1944.com\/ru\/wp-json\/wp\/v2\/product_brand?post=5306"},{"taxonomy":"product_cat","embeddable":true,"href":"https:\/\/narwa1944.com\/ru\/wp-json\/wp\/v2\/product_cat?post=5306"},{"taxonomy":"product_tag","embeddable":true,"href":"https:\/\/narwa1944.com\/ru\/wp-json\/wp\/v2\/product_tag?post=5306"}],"curies":[{"name":"wp","href":"https:\/\/api.w.org\/{rel}","templated":true}]}}