{"id":6450,"date":"2024-11-05T20:58:35","date_gmt":"2024-11-05T17:58:51","guid":{"rendered":"https:\/\/narwa1944.com\/?post_type=product&#038;p=6450"},"modified":"2024-11-05T20:59:16","modified_gmt":"2024-11-05T17:59:16","slug":"panzervernichtungsabzeichen-from-konigsberg","status":"publish","type":"product","link":"https:\/\/narwa1944.com\/ru\/product\/panzervernichtungsabzeichen-from-konigsberg\/","title":{"rendered":"Panzervernichtungsabzeichen from K\u00f6nigsberg"},"content":{"rendered":"<p>Very rare ground-dug <strong>Panzervernichtungsabzeichen<\/strong>. It was found near <strong>K\u00f6nigsberg<\/strong>.<\/p>\n<p>The cloth disappeared, and only the metal pieces remained, but the condition is good and solid.<\/p>\n<p>During World War II, members of the Wehrmacht who used a hand-held weapon to destroy an enemy tank or armored combat vehicle on their own were given the Tank Destruction Badge (German: <i lang=\"de\">Sonderabzeichen f\u00fcr das Niederk\u00e4mpfen von Panzerkampfwagen durch Einzelk\u00e4mpfer<\/i>). This award was not available to anti-tank units. Although it was created on March 9, 1942, it was eligible to be given for activities that began on June 22, 1941, when the German invasion of the Soviet Union, Operation Barbarossa, began. The soldier would have received the General Assault Badge for the action before this medal was introduced.<\/p>\n<p>Extremely rare item to come across.<\/p>\n","protected":false},"excerpt":{"rendered":"<p>Very rare ground-dug Panzervernichtungsabzeichen. It was found near K\u00f6nigsberg. The cloth disappeared, and only the metal pieces remained, but the condition is good and solid. During World War II, members of the Wehrmacht who used a hand-held weapon to destroy an enemy tank or armored combat vehicle on their own were given the Tank Destruction [&hellip;]<\/p>\n","protected":false},"featured_media":6447,"template":"","meta":{"_acf_changed":false},"product_brand":[],"product_cat":[54],"product_tag":[],"class_list":{"0":"post-6450","1":"product","2":"type-product","3":"status-publish","4":"has-post-thumbnail","6":"product_cat-insignia-ru","8":"first","9":"instock","10":"sold-individually","11":"shipping-taxable","12":"purchasable","13":"product-type-simple"},"acf":[],"yoast_head":"<!-- This site is optimized with the Yoast SEO plugin v27.3 - https:\/\/yoast.com\/product\/yoast-seo-wordpress\/ -->\n<title>Panzervernichtungsabzeichen from K\u00f6nigsberg - Narwa<\/title>\n<meta name=\"robots\" content=\"index, follow, max-snippet:-1, max-image-preview:large, max-video-preview:-1\" \/>\n<link rel=\"canonical\" href=\"https:\/\/narwa1944.com\/ru\/product\/panzervernichtungsabzeichen-from-konigsberg\/\" \/>\n<meta property=\"og:locale\" content=\"ru_RU\" \/>\n<meta property=\"og:type\" content=\"article\" \/>\n<meta property=\"og:title\" content=\"Panzervernichtungsabzeichen from K\u00f6nigsberg - Narwa\" \/>\n<meta property=\"og:description\" content=\"Very rare ground-dug Panzervernichtungsabzeichen. It was found near K\u00f6nigsberg. The cloth disappeared, and only the metal pieces remained, but the condition is good and solid. During World War II, members of the Wehrmacht who used a hand-held weapon to destroy an enemy tank or armored combat vehicle on their own were given the Tank Destruction [&hellip;]\" \/>\n<meta property=\"og:url\" content=\"https:\/\/narwa1944.com\/ru\/product\/panzervernichtungsabzeichen-from-konigsberg\/\" \/>\n<meta property=\"og:site_name\" content=\"Narwa\" \/>\n<meta property=\"article:publisher\" content=\"https:\/\/facebook.com\/narwa1944\" \/>\n<meta property=\"article:modified_time\" content=\"2024-11-05T17:59:16+00:00\" \/>\n<meta property=\"og:image\" content=\"https:\/\/narwa1944.com\/wp-content\/uploads\/2024\/11\/img_7928-rotated.jpg\" \/>\n\t<meta property=\"og:image:width\" content=\"1512\" \/>\n\t<meta property=\"og:image:height\" content=\"2016\" \/>\n\t<meta property=\"og:image:type\" content=\"image\/jpeg\" \/>\n<meta name=\"twitter:card\" content=\"summary_large_image\" \/>\n<meta name=\"twitter:label1\" content=\"\u041f\u0440\u0438\u043c\u0435\u0440\u043d\u043e\u0435 \u0432\u0440\u0435\u043c\u044f \u0434\u043b\u044f \u0447\u0442\u0435\u043d\u0438\u044f\" \/>\n\t<meta name=\"twitter:data1\" content=\"1 \u043c\u0438\u043d\u0443\u0442\u0430\" \/>\n<script type=\"application\/ld+json\" class=\"yoast-schema-graph\">{\"@context\":\"https:\\\/\\\/schema.org\",\"@graph\":[{\"@type\":\"WebPage\",\"@id\":\"https:\\\/\\\/narwa1944.com\\\/ru\\\/product\\\/panzervernichtungsabzeichen-from-konigsberg\\\/\",\"url\":\"https:\\\/\\\/narwa1944.com\\\/ru\\\/product\\\/panzervernichtungsabzeichen-from-konigsberg\\\/\",\"name\":\"Panzervernichtungsabzeichen from K\u00f6nigsberg - Narwa\",\"isPartOf\":{\"@id\":\"https:\\\/\\\/narwa1944.com\\\/ru\\\/#website\"},\"primaryImageOfPage\":{\"@id\":\"https:\\\/\\\/narwa1944.com\\\/ru\\\/product\\\/panzervernichtungsabzeichen-from-konigsberg\\\/#primaryimage\"},\"image\":{\"@id\":\"https:\\\/\\\/narwa1944.com\\\/ru\\\/product\\\/panzervernichtungsabzeichen-from-konigsberg\\\/#primaryimage\"},\"thumbnailUrl\":\"https:\\\/\\\/narwa1944.com\\\/wp-content\\\/uploads\\\/2024\\\/11\\\/img_7928-rotated.jpg\",\"datePublished\":\"2024-11-05T17:58:51+00:00\",\"dateModified\":\"2024-11-05T17:59:16+00:00\",\"breadcrumb\":{\"@id\":\"https:\\\/\\\/narwa1944.com\\\/ru\\\/product\\\/panzervernichtungsabzeichen-from-konigsberg\\\/#breadcrumb\"},\"inLanguage\":\"ru-RU\",\"potentialAction\":[{\"@type\":\"ReadAction\",\"target\":[\"https:\\\/\\\/narwa1944.com\\\/ru\\\/product\\\/panzervernichtungsabzeichen-from-konigsberg\\\/\"]}]},{\"@type\":\"ImageObject\",\"inLanguage\":\"ru-RU\",\"@id\":\"https:\\\/\\\/narwa1944.com\\\/ru\\\/product\\\/panzervernichtungsabzeichen-from-konigsberg\\\/#primaryimage\",\"url\":\"https:\\\/\\\/narwa1944.com\\\/wp-content\\\/uploads\\\/2024\\\/11\\\/img_7928-rotated.jpg\",\"contentUrl\":\"https:\\\/\\\/narwa1944.com\\\/wp-content\\\/uploads\\\/2024\\\/11\\\/img_7928-rotated.jpg\",\"width\":1512,\"height\":2016},{\"@type\":\"BreadcrumbList\",\"@id\":\"https:\\\/\\\/narwa1944.com\\\/ru\\\/product\\\/panzervernichtungsabzeichen-from-konigsberg\\\/#breadcrumb\",\"itemListElement\":[{\"@type\":\"ListItem\",\"position\":1,\"name\":\"Home\",\"item\":\"https:\\\/\\\/narwa1944.com\\\/ru\\\/shop\\\/\"},{\"@type\":\"ListItem\",\"position\":2,\"name\":\"Shop\",\"item\":\"https:\\\/\\\/narwa1944.com\\\/ww2-militaria-shop\\\/\"},{\"@type\":\"ListItem\",\"position\":3,\"name\":\"Panzervernichtungsabzeichen from K\u00f6nigsberg\"}]},{\"@type\":\"WebSite\",\"@id\":\"https:\\\/\\\/narwa1944.com\\\/ru\\\/#website\",\"url\":\"https:\\\/\\\/narwa1944.com\\\/ru\\\/\",\"name\":\"Narwa\",\"description\":\"\u0415\u0449\u0451 \u043e\u0434\u0438\u043d \u0441\u0430\u0439\u0442 \u043d\u0430 WordPress\",\"publisher\":{\"@id\":\"https:\\\/\\\/narwa1944.com\\\/ru\\\/#organization\"},\"potentialAction\":[{\"@type\":\"SearchAction\",\"target\":{\"@type\":\"EntryPoint\",\"urlTemplate\":\"https:\\\/\\\/narwa1944.com\\\/ru\\\/?s={search_term_string}\"},\"query-input\":{\"@type\":\"PropertyValueSpecification\",\"valueRequired\":true,\"valueName\":\"search_term_string\"}}],\"inLanguage\":\"ru-RU\"},{\"@type\":\"Organization\",\"@id\":\"https:\\\/\\\/narwa1944.com\\\/ru\\\/#organization\",\"name\":\"Narwa1944\",\"url\":\"https:\\\/\\\/narwa1944.com\\\/ru\\\/\",\"logo\":{\"@type\":\"ImageObject\",\"inLanguage\":\"ru-RU\",\"@id\":\"https:\\\/\\\/narwa1944.com\\\/ru\\\/#\\\/schema\\\/logo\\\/image\\\/\",\"url\":\"https:\\\/\\\/narwa1944.com\\\/wp-content\\\/uploads\\\/2022\\\/02\\\/logo-narwa-b_smaller.png\",\"contentUrl\":\"https:\\\/\\\/narwa1944.com\\\/wp-content\\\/uploads\\\/2022\\\/02\\\/logo-narwa-b_smaller.png\",\"width\":1000,\"height\":1070,\"caption\":\"Narwa1944\"},\"image\":{\"@id\":\"https:\\\/\\\/narwa1944.com\\\/ru\\\/#\\\/schema\\\/logo\\\/image\\\/\"},\"sameAs\":[\"https:\\\/\\\/facebook.com\\\/narwa1944\",\"https:\\\/\\\/instagram.com\\\/narwa_1944\"]}]}<\/script>\n<!-- \/ Yoast SEO plugin. -->","yoast_head_json":{"title":"Panzervernichtungsabzeichen from K\u00f6nigsberg - Narwa","robots":{"index":"index","follow":"follow","max-snippet":"max-snippet:-1","max-image-preview":"max-image-preview:large","max-video-preview":"max-video-preview:-1"},"canonical":"https:\/\/narwa1944.com\/ru\/product\/panzervernichtungsabzeichen-from-konigsberg\/","og_locale":"ru_RU","og_type":"article","og_title":"Panzervernichtungsabzeichen from K\u00f6nigsberg - Narwa","og_description":"Very rare ground-dug Panzervernichtungsabzeichen. It was found near K\u00f6nigsberg. The cloth disappeared, and only the metal pieces remained, but the condition is good and solid. During World War II, members of the Wehrmacht who used a hand-held weapon to destroy an enemy tank or armored combat vehicle on their own were given the Tank Destruction [&hellip;]","og_url":"https:\/\/narwa1944.com\/ru\/product\/panzervernichtungsabzeichen-from-konigsberg\/","og_site_name":"Narwa","article_publisher":"https:\/\/facebook.com\/narwa1944","article_modified_time":"2024-11-05T17:59:16+00:00","og_image":[{"width":1512,"height":2016,"url":"https:\/\/narwa1944.com\/wp-content\/uploads\/2024\/11\/img_7928-rotated.jpg","type":"image\/jpeg"}],"twitter_card":"summary_large_image","twitter_misc":{"\u041f\u0440\u0438\u043c\u0435\u0440\u043d\u043e\u0435 \u0432\u0440\u0435\u043c\u044f \u0434\u043b\u044f \u0447\u0442\u0435\u043d\u0438\u044f":"1 \u043c\u0438\u043d\u0443\u0442\u0430"},"schema":{"@context":"https:\/\/schema.org","@graph":[{"@type":"WebPage","@id":"https:\/\/narwa1944.com\/ru\/product\/panzervernichtungsabzeichen-from-konigsberg\/","url":"https:\/\/narwa1944.com\/ru\/product\/panzervernichtungsabzeichen-from-konigsberg\/","name":"Panzervernichtungsabzeichen from K\u00f6nigsberg - Narwa","isPartOf":{"@id":"https:\/\/narwa1944.com\/ru\/#website"},"primaryImageOfPage":{"@id":"https:\/\/narwa1944.com\/ru\/product\/panzervernichtungsabzeichen-from-konigsberg\/#primaryimage"},"image":{"@id":"https:\/\/narwa1944.com\/ru\/product\/panzervernichtungsabzeichen-from-konigsberg\/#primaryimage"},"thumbnailUrl":"https:\/\/narwa1944.com\/wp-content\/uploads\/2024\/11\/img_7928-rotated.jpg","datePublished":"2024-11-05T17:58:51+00:00","dateModified":"2024-11-05T17:59:16+00:00","breadcrumb":{"@id":"https:\/\/narwa1944.com\/ru\/product\/panzervernichtungsabzeichen-from-konigsberg\/#breadcrumb"},"inLanguage":"ru-RU","potentialAction":[{"@type":"ReadAction","target":["https:\/\/narwa1944.com\/ru\/product\/panzervernichtungsabzeichen-from-konigsberg\/"]}]},{"@type":"ImageObject","inLanguage":"ru-RU","@id":"https:\/\/narwa1944.com\/ru\/product\/panzervernichtungsabzeichen-from-konigsberg\/#primaryimage","url":"https:\/\/narwa1944.com\/wp-content\/uploads\/2024\/11\/img_7928-rotated.jpg","contentUrl":"https:\/\/narwa1944.com\/wp-content\/uploads\/2024\/11\/img_7928-rotated.jpg","width":1512,"height":2016},{"@type":"BreadcrumbList","@id":"https:\/\/narwa1944.com\/ru\/product\/panzervernichtungsabzeichen-from-konigsberg\/#breadcrumb","itemListElement":[{"@type":"ListItem","position":1,"name":"Home","item":"https:\/\/narwa1944.com\/ru\/shop\/"},{"@type":"ListItem","position":2,"name":"Shop","item":"https:\/\/narwa1944.com\/ww2-militaria-shop\/"},{"@type":"ListItem","position":3,"name":"Panzervernichtungsabzeichen from K\u00f6nigsberg"}]},{"@type":"WebSite","@id":"https:\/\/narwa1944.com\/ru\/#website","url":"https:\/\/narwa1944.com\/ru\/","name":"Narwa","description":"\u0415\u0449\u0451 \u043e\u0434\u0438\u043d \u0441\u0430\u0439\u0442 \u043d\u0430 WordPress","publisher":{"@id":"https:\/\/narwa1944.com\/ru\/#organization"},"potentialAction":[{"@type":"SearchAction","target":{"@type":"EntryPoint","urlTemplate":"https:\/\/narwa1944.com\/ru\/?s={search_term_string}"},"query-input":{"@type":"PropertyValueSpecification","valueRequired":true,"valueName":"search_term_string"}}],"inLanguage":"ru-RU"},{"@type":"Organization","@id":"https:\/\/narwa1944.com\/ru\/#organization","name":"Narwa1944","url":"https:\/\/narwa1944.com\/ru\/","logo":{"@type":"ImageObject","inLanguage":"ru-RU","@id":"https:\/\/narwa1944.com\/ru\/#\/schema\/logo\/image\/","url":"https:\/\/narwa1944.com\/wp-content\/uploads\/2022\/02\/logo-narwa-b_smaller.png","contentUrl":"https:\/\/narwa1944.com\/wp-content\/uploads\/2022\/02\/logo-narwa-b_smaller.png","width":1000,"height":1070,"caption":"Narwa1944"},"image":{"@id":"https:\/\/narwa1944.com\/ru\/#\/schema\/logo\/image\/"},"sameAs":["https:\/\/facebook.com\/narwa1944","https:\/\/instagram.com\/narwa_1944"]}]}},"_links":{"self":[{"href":"https:\/\/narwa1944.com\/ru\/wp-json\/wp\/v2\/product\/6450","targetHints":{"allow":["GET"]}}],"collection":[{"href":"https:\/\/narwa1944.com\/ru\/wp-json\/wp\/v2\/product"}],"about":[{"href":"https:\/\/narwa1944.com\/ru\/wp-json\/wp\/v2\/types\/product"}],"wp:featuredmedia":[{"embeddable":true,"href":"https:\/\/narwa1944.com\/ru\/wp-json\/wp\/v2\/media\/6447"}],"wp:attachment":[{"href":"https:\/\/narwa1944.com\/ru\/wp-json\/wp\/v2\/media?parent=6450"}],"wp:term":[{"taxonomy":"product_brand","embeddable":true,"href":"https:\/\/narwa1944.com\/ru\/wp-json\/wp\/v2\/product_brand?post=6450"},{"taxonomy":"product_cat","embeddable":true,"href":"https:\/\/narwa1944.com\/ru\/wp-json\/wp\/v2\/product_cat?post=6450"},{"taxonomy":"product_tag","embeddable":true,"href":"https:\/\/narwa1944.com\/ru\/wp-json\/wp\/v2\/product_tag?post=6450"}],"curies":[{"name":"wp","href":"https:\/\/api.w.org\/{rel}","templated":true}]}}