{"id":6515,"date":"2024-11-15T20:21:42","date_gmt":"2024-11-15T17:21:50","guid":{"rendered":"https:\/\/narwa1944.com\/?post_type=product&#038;p=6515"},"modified":"2024-11-15T20:22:22","modified_gmt":"2024-11-15T17:22:22","slug":"stug-id-tag-from-konigsberg","status":"publish","type":"product","link":"https:\/\/narwa1944.com\/ru\/product\/stug-id-tag-from-konigsberg\/","title":{"rendered":"StuG id tag from K\u00f6nigsberg"},"content":{"rendered":"<p>Very nice and rare metal <strong>Erkennungsmarke<\/strong> from a member of the <strong>Stabsbatterie of Heeres-Sturmgesch\u00fctz-Abteilung 203<\/strong>. The unit was founded in <strong>February 1941 in J\u00fcterbog<\/strong> and consisted of three <strong>Sturmgesch\u00fctz<\/strong> batteries. It took part in <strong>Operation Barbarossa<\/strong> and came very close to <strong>Moscow<\/strong> in 1941. In 1942 it was deployed in the <strong>Caucasus<\/strong> and took part in the battle of <strong>Nalchik<\/strong>. Later on, it fought in Ukraine, Poland and Germany.<\/p>\n<p>This tag was found in Balga near <span style=\"text-decoration: underline;\"><strong>K\u00f6nigsberg<\/strong><\/span>. The tag has typical metal corrosion, but the condition is reasonable and the letters are sharp.<\/p>\n<p>A rare unit to come across.<\/p>\n","protected":false},"excerpt":{"rendered":"<p>Very nice and rare metal Erkennungsmarke from a member of the Stabsbatterie of Heeres-Sturmgesch\u00fctz-Abteilung 203. The unit was founded in February 1941 in J\u00fcterbog and consisted of three Sturmgesch\u00fctz batteries. It took part in Operation Barbarossa and came very close to Moscow in 1941. In 1942 it was deployed in the Caucasus and took part [&hellip;]<\/p>\n","protected":false},"featured_media":6504,"template":"","meta":{"_acf_changed":false},"product_brand":[],"product_cat":[62],"product_tag":[],"class_list":{"0":"post-6515","1":"product","2":"type-product","3":"status-publish","4":"has-post-thumbnail","6":"product_cat-dogtag-ru","8":"first","9":"instock","10":"sold-individually","11":"shipping-taxable","12":"purchasable","13":"product-type-simple"},"acf":[],"yoast_head":"<!-- This site is optimized with the Yoast SEO plugin v27.3 - https:\/\/yoast.com\/product\/yoast-seo-wordpress\/ -->\n<title>StuG id tag from K\u00f6nigsberg - Narwa<\/title>\n<meta name=\"robots\" content=\"index, follow, max-snippet:-1, max-image-preview:large, max-video-preview:-1\" \/>\n<link rel=\"canonical\" href=\"https:\/\/narwa1944.com\/ru\/product\/stug-id-tag-from-konigsberg\/\" \/>\n<meta property=\"og:locale\" content=\"ru_RU\" \/>\n<meta property=\"og:type\" content=\"article\" \/>\n<meta property=\"og:title\" content=\"StuG id tag from K\u00f6nigsberg - Narwa\" \/>\n<meta property=\"og:description\" content=\"Very nice and rare metal Erkennungsmarke from a member of the Stabsbatterie of Heeres-Sturmgesch\u00fctz-Abteilung 203. The unit was founded in February 1941 in J\u00fcterbog and consisted of three Sturmgesch\u00fctz batteries. It took part in Operation Barbarossa and came very close to Moscow in 1941. In 1942 it was deployed in the Caucasus and took part [&hellip;]\" \/>\n<meta property=\"og:url\" content=\"https:\/\/narwa1944.com\/ru\/product\/stug-id-tag-from-konigsberg\/\" \/>\n<meta property=\"og:site_name\" content=\"Narwa\" \/>\n<meta property=\"article:publisher\" content=\"https:\/\/facebook.com\/narwa1944\" \/>\n<meta property=\"article:modified_time\" content=\"2024-11-15T17:22:22+00:00\" \/>\n<meta property=\"og:image\" content=\"https:\/\/narwa1944.com\/wp-content\/uploads\/2024\/11\/img_0535-scaled.jpg\" \/>\n\t<meta property=\"og:image:width\" content=\"1920\" \/>\n\t<meta property=\"og:image:height\" content=\"2560\" \/>\n\t<meta property=\"og:image:type\" content=\"image\/jpeg\" \/>\n<meta name=\"twitter:card\" content=\"summary_large_image\" \/>\n<meta name=\"twitter:label1\" content=\"\u041f\u0440\u0438\u043c\u0435\u0440\u043d\u043e\u0435 \u0432\u0440\u0435\u043c\u044f \u0434\u043b\u044f \u0447\u0442\u0435\u043d\u0438\u044f\" \/>\n\t<meta name=\"twitter:data1\" content=\"1 \u043c\u0438\u043d\u0443\u0442\u0430\" \/>\n<script type=\"application\/ld+json\" class=\"yoast-schema-graph\">{\"@context\":\"https:\\\/\\\/schema.org\",\"@graph\":[{\"@type\":\"WebPage\",\"@id\":\"https:\\\/\\\/narwa1944.com\\\/ru\\\/product\\\/stug-id-tag-from-konigsberg\\\/\",\"url\":\"https:\\\/\\\/narwa1944.com\\\/ru\\\/product\\\/stug-id-tag-from-konigsberg\\\/\",\"name\":\"StuG id tag from K\u00f6nigsberg - Narwa\",\"isPartOf\":{\"@id\":\"https:\\\/\\\/narwa1944.com\\\/ru\\\/#website\"},\"primaryImageOfPage\":{\"@id\":\"https:\\\/\\\/narwa1944.com\\\/ru\\\/product\\\/stug-id-tag-from-konigsberg\\\/#primaryimage\"},\"image\":{\"@id\":\"https:\\\/\\\/narwa1944.com\\\/ru\\\/product\\\/stug-id-tag-from-konigsberg\\\/#primaryimage\"},\"thumbnailUrl\":\"https:\\\/\\\/narwa1944.com\\\/wp-content\\\/uploads\\\/2024\\\/11\\\/img_0535-scaled.jpg\",\"datePublished\":\"2024-11-15T17:21:50+00:00\",\"dateModified\":\"2024-11-15T17:22:22+00:00\",\"breadcrumb\":{\"@id\":\"https:\\\/\\\/narwa1944.com\\\/ru\\\/product\\\/stug-id-tag-from-konigsberg\\\/#breadcrumb\"},\"inLanguage\":\"ru-RU\",\"potentialAction\":[{\"@type\":\"ReadAction\",\"target\":[\"https:\\\/\\\/narwa1944.com\\\/ru\\\/product\\\/stug-id-tag-from-konigsberg\\\/\"]}]},{\"@type\":\"ImageObject\",\"inLanguage\":\"ru-RU\",\"@id\":\"https:\\\/\\\/narwa1944.com\\\/ru\\\/product\\\/stug-id-tag-from-konigsberg\\\/#primaryimage\",\"url\":\"https:\\\/\\\/narwa1944.com\\\/wp-content\\\/uploads\\\/2024\\\/11\\\/img_0535-scaled.jpg\",\"contentUrl\":\"https:\\\/\\\/narwa1944.com\\\/wp-content\\\/uploads\\\/2024\\\/11\\\/img_0535-scaled.jpg\",\"width\":1920,\"height\":2560},{\"@type\":\"BreadcrumbList\",\"@id\":\"https:\\\/\\\/narwa1944.com\\\/ru\\\/product\\\/stug-id-tag-from-konigsberg\\\/#breadcrumb\",\"itemListElement\":[{\"@type\":\"ListItem\",\"position\":1,\"name\":\"Home\",\"item\":\"https:\\\/\\\/narwa1944.com\\\/ru\\\/shop\\\/\"},{\"@type\":\"ListItem\",\"position\":2,\"name\":\"Shop\",\"item\":\"https:\\\/\\\/narwa1944.com\\\/ww2-militaria-shop\\\/\"},{\"@type\":\"ListItem\",\"position\":3,\"name\":\"StuG id tag from K\u00f6nigsberg\"}]},{\"@type\":\"WebSite\",\"@id\":\"https:\\\/\\\/narwa1944.com\\\/ru\\\/#website\",\"url\":\"https:\\\/\\\/narwa1944.com\\\/ru\\\/\",\"name\":\"Narwa\",\"description\":\"\u0415\u0449\u0451 \u043e\u0434\u0438\u043d \u0441\u0430\u0439\u0442 \u043d\u0430 WordPress\",\"publisher\":{\"@id\":\"https:\\\/\\\/narwa1944.com\\\/ru\\\/#organization\"},\"potentialAction\":[{\"@type\":\"SearchAction\",\"target\":{\"@type\":\"EntryPoint\",\"urlTemplate\":\"https:\\\/\\\/narwa1944.com\\\/ru\\\/?s={search_term_string}\"},\"query-input\":{\"@type\":\"PropertyValueSpecification\",\"valueRequired\":true,\"valueName\":\"search_term_string\"}}],\"inLanguage\":\"ru-RU\"},{\"@type\":\"Organization\",\"@id\":\"https:\\\/\\\/narwa1944.com\\\/ru\\\/#organization\",\"name\":\"Narwa1944\",\"url\":\"https:\\\/\\\/narwa1944.com\\\/ru\\\/\",\"logo\":{\"@type\":\"ImageObject\",\"inLanguage\":\"ru-RU\",\"@id\":\"https:\\\/\\\/narwa1944.com\\\/ru\\\/#\\\/schema\\\/logo\\\/image\\\/\",\"url\":\"https:\\\/\\\/narwa1944.com\\\/wp-content\\\/uploads\\\/2022\\\/02\\\/logo-narwa-b_smaller.png\",\"contentUrl\":\"https:\\\/\\\/narwa1944.com\\\/wp-content\\\/uploads\\\/2022\\\/02\\\/logo-narwa-b_smaller.png\",\"width\":1000,\"height\":1070,\"caption\":\"Narwa1944\"},\"image\":{\"@id\":\"https:\\\/\\\/narwa1944.com\\\/ru\\\/#\\\/schema\\\/logo\\\/image\\\/\"},\"sameAs\":[\"https:\\\/\\\/facebook.com\\\/narwa1944\",\"https:\\\/\\\/instagram.com\\\/narwa_1944\"]}]}<\/script>\n<!-- \/ Yoast SEO plugin. -->","yoast_head_json":{"title":"StuG id tag from K\u00f6nigsberg - Narwa","robots":{"index":"index","follow":"follow","max-snippet":"max-snippet:-1","max-image-preview":"max-image-preview:large","max-video-preview":"max-video-preview:-1"},"canonical":"https:\/\/narwa1944.com\/ru\/product\/stug-id-tag-from-konigsberg\/","og_locale":"ru_RU","og_type":"article","og_title":"StuG id tag from K\u00f6nigsberg - Narwa","og_description":"Very nice and rare metal Erkennungsmarke from a member of the Stabsbatterie of Heeres-Sturmgesch\u00fctz-Abteilung 203. The unit was founded in February 1941 in J\u00fcterbog and consisted of three Sturmgesch\u00fctz batteries. It took part in Operation Barbarossa and came very close to Moscow in 1941. In 1942 it was deployed in the Caucasus and took part [&hellip;]","og_url":"https:\/\/narwa1944.com\/ru\/product\/stug-id-tag-from-konigsberg\/","og_site_name":"Narwa","article_publisher":"https:\/\/facebook.com\/narwa1944","article_modified_time":"2024-11-15T17:22:22+00:00","og_image":[{"width":1920,"height":2560,"url":"https:\/\/narwa1944.com\/wp-content\/uploads\/2024\/11\/img_0535-scaled.jpg","type":"image\/jpeg"}],"twitter_card":"summary_large_image","twitter_misc":{"\u041f\u0440\u0438\u043c\u0435\u0440\u043d\u043e\u0435 \u0432\u0440\u0435\u043c\u044f \u0434\u043b\u044f \u0447\u0442\u0435\u043d\u0438\u044f":"1 \u043c\u0438\u043d\u0443\u0442\u0430"},"schema":{"@context":"https:\/\/schema.org","@graph":[{"@type":"WebPage","@id":"https:\/\/narwa1944.com\/ru\/product\/stug-id-tag-from-konigsberg\/","url":"https:\/\/narwa1944.com\/ru\/product\/stug-id-tag-from-konigsberg\/","name":"StuG id tag from K\u00f6nigsberg - Narwa","isPartOf":{"@id":"https:\/\/narwa1944.com\/ru\/#website"},"primaryImageOfPage":{"@id":"https:\/\/narwa1944.com\/ru\/product\/stug-id-tag-from-konigsberg\/#primaryimage"},"image":{"@id":"https:\/\/narwa1944.com\/ru\/product\/stug-id-tag-from-konigsberg\/#primaryimage"},"thumbnailUrl":"https:\/\/narwa1944.com\/wp-content\/uploads\/2024\/11\/img_0535-scaled.jpg","datePublished":"2024-11-15T17:21:50+00:00","dateModified":"2024-11-15T17:22:22+00:00","breadcrumb":{"@id":"https:\/\/narwa1944.com\/ru\/product\/stug-id-tag-from-konigsberg\/#breadcrumb"},"inLanguage":"ru-RU","potentialAction":[{"@type":"ReadAction","target":["https:\/\/narwa1944.com\/ru\/product\/stug-id-tag-from-konigsberg\/"]}]},{"@type":"ImageObject","inLanguage":"ru-RU","@id":"https:\/\/narwa1944.com\/ru\/product\/stug-id-tag-from-konigsberg\/#primaryimage","url":"https:\/\/narwa1944.com\/wp-content\/uploads\/2024\/11\/img_0535-scaled.jpg","contentUrl":"https:\/\/narwa1944.com\/wp-content\/uploads\/2024\/11\/img_0535-scaled.jpg","width":1920,"height":2560},{"@type":"BreadcrumbList","@id":"https:\/\/narwa1944.com\/ru\/product\/stug-id-tag-from-konigsberg\/#breadcrumb","itemListElement":[{"@type":"ListItem","position":1,"name":"Home","item":"https:\/\/narwa1944.com\/ru\/shop\/"},{"@type":"ListItem","position":2,"name":"Shop","item":"https:\/\/narwa1944.com\/ww2-militaria-shop\/"},{"@type":"ListItem","position":3,"name":"StuG id tag from K\u00f6nigsberg"}]},{"@type":"WebSite","@id":"https:\/\/narwa1944.com\/ru\/#website","url":"https:\/\/narwa1944.com\/ru\/","name":"Narwa","description":"\u0415\u0449\u0451 \u043e\u0434\u0438\u043d \u0441\u0430\u0439\u0442 \u043d\u0430 WordPress","publisher":{"@id":"https:\/\/narwa1944.com\/ru\/#organization"},"potentialAction":[{"@type":"SearchAction","target":{"@type":"EntryPoint","urlTemplate":"https:\/\/narwa1944.com\/ru\/?s={search_term_string}"},"query-input":{"@type":"PropertyValueSpecification","valueRequired":true,"valueName":"search_term_string"}}],"inLanguage":"ru-RU"},{"@type":"Organization","@id":"https:\/\/narwa1944.com\/ru\/#organization","name":"Narwa1944","url":"https:\/\/narwa1944.com\/ru\/","logo":{"@type":"ImageObject","inLanguage":"ru-RU","@id":"https:\/\/narwa1944.com\/ru\/#\/schema\/logo\/image\/","url":"https:\/\/narwa1944.com\/wp-content\/uploads\/2022\/02\/logo-narwa-b_smaller.png","contentUrl":"https:\/\/narwa1944.com\/wp-content\/uploads\/2022\/02\/logo-narwa-b_smaller.png","width":1000,"height":1070,"caption":"Narwa1944"},"image":{"@id":"https:\/\/narwa1944.com\/ru\/#\/schema\/logo\/image\/"},"sameAs":["https:\/\/facebook.com\/narwa1944","https:\/\/instagram.com\/narwa_1944"]}]}},"_links":{"self":[{"href":"https:\/\/narwa1944.com\/ru\/wp-json\/wp\/v2\/product\/6515","targetHints":{"allow":["GET"]}}],"collection":[{"href":"https:\/\/narwa1944.com\/ru\/wp-json\/wp\/v2\/product"}],"about":[{"href":"https:\/\/narwa1944.com\/ru\/wp-json\/wp\/v2\/types\/product"}],"wp:featuredmedia":[{"embeddable":true,"href":"https:\/\/narwa1944.com\/ru\/wp-json\/wp\/v2\/media\/6504"}],"wp:attachment":[{"href":"https:\/\/narwa1944.com\/ru\/wp-json\/wp\/v2\/media?parent=6515"}],"wp:term":[{"taxonomy":"product_brand","embeddable":true,"href":"https:\/\/narwa1944.com\/ru\/wp-json\/wp\/v2\/product_brand?post=6515"},{"taxonomy":"product_cat","embeddable":true,"href":"https:\/\/narwa1944.com\/ru\/wp-json\/wp\/v2\/product_cat?post=6515"},{"taxonomy":"product_tag","embeddable":true,"href":"https:\/\/narwa1944.com\/ru\/wp-json\/wp\/v2\/product_tag?post=6515"}],"curies":[{"name":"wp","href":"https:\/\/api.w.org\/{rel}","templated":true}]}}